{"id":5,"date":"2014-07-17T14:51:15","date_gmt":"2014-07-17T12:51:15","guid":{"rendered":"http:\/\/www.essen-strafverteidiger.de\/pl\/?page_id=5"},"modified":"2014-07-24T20:12:53","modified_gmt":"2014-07-24T18:12:53","slug":"anwalt","status":"publish","type":"page","link":"https:\/\/www.essen-strafverteidiger.de\/pl\/anwalt\/","title":{"rendered":"Adwokat"},"content":{"rendered":"<p><span style=\"color: #80a0d3;\">Wolfgang Zeitler<\/span><br \/>\nAdwokat specjalista z zakresu prawa karnego<\/p>\n<p><a href=\"https:\/\/essen-strafverteidiger.de\/pl\/wp-content\/uploads\/2014\/05\/zeitler04.jpg\"><img loading=\"lazy\" class=\"alignnone size-thumbnail wp-image-63\" src=\"https:\/\/essen-strafverteidiger.de\/pl\/wp-content\/uploads\/2014\/05\/zeitler04-150x150.jpg\" alt=\"zeitler04\" width=\"150\" height=\"150\" \/><\/a><\/p>\n<p><strong> Strzeg\u0119 Pa\u0144stwa praw i staj\u0119 w Pa\u0144stwa obronie!<\/strong><br \/>\nDost\u0119pno\u015b\u0107 24 h \u2013 Numer w nag\u0142ych wypadkach: 49 (0) 172 231 34 89<\/p>\n<p>&nbsp;<\/p>\n<p><strong>Zaufanie<\/strong><\/p>\n<ul>\n<li>Znakomita znajomo\u015b\u0107 prawa, ustaw i orzecznictwa<\/li>\n<li>Dzia\u0142alno\u015b\u0107 wy\u0142\u0105cznie w zakresie prawa karnego<\/li>\n<li>Ponad 20 lat do\u015bwiadczenia jako obro\u0144ca w sprawach karnych<\/li>\n<li>Obrona praw klienta<\/li>\n<\/ul>\n<p>&nbsp;<\/p>\n<p><strong>Dziedziny prawa<\/strong><\/p>\n<ul>\n<li>Przest\u0119pstwa zab\u00f3jstwa<\/li>\n<li>Prawo medyczne<\/li>\n<li>Ustawa o \u015brodkach odurzaj\u0105cych (niem. BtM)<\/li>\n<li>Post\u0119powania w sprawie oszustwa<\/li>\n<li>Podatkowe sprawy karne<\/li>\n<li>Przest\u0119pstwa seksualne<\/li>\n<li>Przest\u0119pstwa pope\u0142nione przez bandy przest\u0119pcze<\/li>\n<li>Przest\u0119pczo\u015b\u0107 zorganizowana<\/li>\n<li>Sprawy karne nieletnich<\/li>\n<li>Wykonanie kary<\/li>\n<li>Post\u0119powania w sprawie o wykroczenia<\/li>\n<li>Przest\u0119pstwa w ruchu drogowym<\/li>\n<\/ul>\n<p>jak i do\u015bwiadczenie we wszystkich dziedzinach kodeksu karnego.<\/p>\n<p>&nbsp;<\/p>\n<p><strong>Us\u0142ugi<\/strong><\/p>\n<ul>\n<li>Psychologia procesu karnego<\/li>\n<li>Obrona z wyboru i z urz\u0119du<\/li>\n<li>Sie\u0107 kontakt\u00f3w z wieloma kolegami z bran\u017cy prawniczej<\/li>\n<li>Zapewnienie zbiorowej obrony wsp\u00f3\u0142sprawc\u00f3w<\/li>\n<\/ul>\n<p>W ci\u0105gu 20 lat pozna\u0142em wielu s\u0119dzi\u00f3w i prokurator\u00f3w, jak r\u00f3wnie\u017c rzeczoznawc\u00f3w, bieg\u0142ych psychiatr\u00f3w, psycholog\u00f3w, bieg\u0142ych z zakresu techniki kryminalistycznej i specjalist\u00f3w w dziedzinach istotnych dla prawa karnego i dyscyplin pokrewnych.<\/p>\n<p>&nbsp;<\/p>\n<p><strong>Obszar dzia\u0142alno\u015bci<\/strong><br \/>\nPracuj\u0119 dla Pa\u0144stwa w: Essen, Velbert, Wuppertalu, Solingen, Mettmann, Heiligenhaus, Remscheid, M\u00fclheim, Oberhausen, Duisburgu, jak i na terenie innych miast Nadrenii P\u00f3\u0142nocnej-Westfalii oraz na terenie ca\u0142ej Republiki Federalnej Niemiec.<\/p>\n<p>&nbsp;<\/p>\n<p><strong>Liczy si\u0119 wynik! Prosz\u0119 mi zaufa\u0107 \u2013 podobnie jak wielu innych klient\u00f3w w przesz\u0142o\u015bci!<\/strong><\/p>\n","protected":false},"excerpt":{"rendered":"<p>Wolfgang Zeitler Adwokat specjalista z zakresu prawa karnego Strzeg\u0119 Pa\u0144stwa praw i staj\u0119 w Pa\u0144stwa obronie! Dost\u0119pno\u015b\u0107 24 h \u2013 Numer w nag\u0142ych wypadkach: 49 (0) 172 231 34 89 &nbsp; Zaufanie Znakomita znajomo\u015b\u0107 prawa, ustaw i orzecznictwa Dzia\u0142alno\u015b\u0107 wy\u0142\u0105cznie w zakresie prawa karnego Ponad 20 lat do\u015bwiadczenia jako obro\u0144ca w sprawach karnych Obrona praw<\/p>\n","protected":false},"author":1,"featured_media":0,"parent":0,"menu_order":0,"comment_status":"open","ping_status":"open","template":"","meta":[],"categories":[],"tags":[],"yoast_head":"\n<meta name=\"description\" content=\"Przest\u0119pstw zab\u00f3jstwa, prawa medycznego, \u015brodk\u00f3w odurzaj\u0105cych, oszustwa, podatkowych sprawach, przest\u0119pstw seksualnych, przest\u0119pczo\u015bci zorganizowanej\" \/>\n<meta name=\"robots\" content=\"index, follow, max-snippet:-1, max-image-preview:large, max-video-preview:-1\" \/>\n<link rel=\"canonical\" href=\"https:\/\/www.essen-strafverteidiger.de\/pl\/anwalt\/\" \/>\n<meta property=\"og:locale\" content=\"de_DE\" \/>\n<meta property=\"og:type\" content=\"article\" \/>\n<meta property=\"og:title\" content=\"Adwokat - Adwokat Zeitler\" \/>\n<meta property=\"og:description\" content=\"Przest\u0119pstw zab\u00f3jstwa, prawa medycznego, \u015brodk\u00f3w odurzaj\u0105cych, oszustwa, podatkowych sprawach, przest\u0119pstw seksualnych, przest\u0119pczo\u015bci zorganizowanej\" \/>\n<meta property=\"og:url\" content=\"https:\/\/www.essen-strafverteidiger.de\/pl\/anwalt\/\" \/>\n<meta property=\"og:site_name\" content=\"Adwokat Zeitler\" \/>\n<meta property=\"article:modified_time\" content=\"2014-07-24T18:12:53+00:00\" \/>\n<meta property=\"og:image\" content=\"https:\/\/essen-strafverteidiger.de\/pl\/wp-content\/uploads\/2014\/05\/zeitler04-150x150.jpg\" \/>\n<meta name=\"twitter:label1\" content=\"Gesch\u00e4tzte Lesezeit\">\n\t<meta name=\"twitter:data1\" content=\"1\u00a0Minute\">\n<script type=\"application\/ld+json\" class=\"yoast-schema-graph\">{\"@context\":\"https:\/\/schema.org\",\"@graph\":[{\"@type\":\"WebSite\",\"@id\":\"https:\/\/www.essen-strafverteidiger.de\/pl\/#website\",\"url\":\"https:\/\/www.essen-strafverteidiger.de\/pl\/\",\"name\":\"Adwokat Zeitler\",\"description\":\"Ihre Kanzlei f\\u00fcr Strafrecht\",\"potentialAction\":[{\"@type\":\"SearchAction\",\"target\":\"https:\/\/www.essen-strafverteidiger.de\/pl\/?s={search_term_string}\",\"query-input\":\"required name=search_term_string\"}],\"inLanguage\":\"de\"},{\"@type\":\"ImageObject\",\"@id\":\"https:\/\/www.essen-strafverteidiger.de\/pl\/anwalt\/#primaryimage\",\"inLanguage\":\"de\",\"url\":\"https:\/\/essen-strafverteidiger.de\/pl\/wp-content\/uploads\/2014\/05\/zeitler04-150x150.jpg\"},{\"@type\":\"WebPage\",\"@id\":\"https:\/\/www.essen-strafverteidiger.de\/pl\/anwalt\/#webpage\",\"url\":\"https:\/\/www.essen-strafverteidiger.de\/pl\/anwalt\/\",\"name\":\"Adwokat - Adwokat Zeitler\",\"isPartOf\":{\"@id\":\"https:\/\/www.essen-strafverteidiger.de\/pl\/#website\"},\"primaryImageOfPage\":{\"@id\":\"https:\/\/www.essen-strafverteidiger.de\/pl\/anwalt\/#primaryimage\"},\"datePublished\":\"2014-07-17T12:51:15+00:00\",\"dateModified\":\"2014-07-24T18:12:53+00:00\",\"description\":\"Przest\\u0119pstw zab\\u00f3jstwa, prawa medycznego, \\u015brodk\\u00f3w odurzaj\\u0105cych, oszustwa, podatkowych sprawach, przest\\u0119pstw seksualnych, przest\\u0119pczo\\u015bci zorganizowanej\",\"breadcrumb\":{\"@id\":\"https:\/\/www.essen-strafverteidiger.de\/pl\/anwalt\/#breadcrumb\"},\"inLanguage\":\"de\",\"potentialAction\":[{\"@type\":\"ReadAction\",\"target\":[\"https:\/\/www.essen-strafverteidiger.de\/pl\/anwalt\/\"]}]},{\"@type\":\"BreadcrumbList\",\"@id\":\"https:\/\/www.essen-strafverteidiger.de\/pl\/anwalt\/#breadcrumb\",\"itemListElement\":[{\"@type\":\"ListItem\",\"position\":1,\"item\":{\"@type\":\"WebPage\",\"@id\":\"https:\/\/www.essen-strafverteidiger.de\/pl\/anwalt\/\",\"url\":\"https:\/\/www.essen-strafverteidiger.de\/pl\/anwalt\/\",\"name\":\"Adwokat\"}}]}]}<\/script>\n","_links":{"self":[{"href":"https:\/\/www.essen-strafverteidiger.de\/pl\/wp-json\/wp\/v2\/pages\/5"}],"collection":[{"href":"https:\/\/www.essen-strafverteidiger.de\/pl\/wp-json\/wp\/v2\/pages"}],"about":[{"href":"https:\/\/www.essen-strafverteidiger.de\/pl\/wp-json\/wp\/v2\/types\/page"}],"author":[{"embeddable":true,"href":"https:\/\/www.essen-strafverteidiger.de\/pl\/wp-json\/wp\/v2\/users\/1"}],"replies":[{"embeddable":true,"href":"https:\/\/www.essen-strafverteidiger.de\/pl\/wp-json\/wp\/v2\/comments?post=5"}],"version-history":[{"count":3,"href":"https:\/\/www.essen-strafverteidiger.de\/pl\/wp-json\/wp\/v2\/pages\/5\/revisions"}],"predecessor-version":[{"id":52,"href":"https:\/\/www.essen-strafverteidiger.de\/pl\/wp-json\/wp\/v2\/pages\/5\/revisions\/52"}],"wp:attachment":[{"href":"https:\/\/www.essen-strafverteidiger.de\/pl\/wp-json\/wp\/v2\/media?parent=5"}],"wp:term":[{"taxonomy":"category","embeddable":true,"href":"https:\/\/www.essen-strafverteidiger.de\/pl\/wp-json\/wp\/v2\/categories?post=5"},{"taxonomy":"post_tag","embeddable":true,"href":"https:\/\/www.essen-strafverteidiger.de\/pl\/wp-json\/wp\/v2\/tags?post=5"}],"curies":[{"name":"wp","href":"https:\/\/api.w.org\/{rel}","templated":true}]}}