{"id":13,"date":"2014-07-17T15:00:05","date_gmt":"2014-07-17T13:00:05","guid":{"rendered":"http:\/\/www.essen-strafverteidiger.de\/tr\/?page_id=13"},"modified":"2026-04-17T18:28:07","modified_gmt":"2026-04-17T16:28:07","slug":"vollmacht","status":"publish","type":"page","link":"https:\/\/www.essen-strafverteidiger.de\/tr\/vollmacht\/","title":{"rendered":"Vekaletname"},"content":{"rendered":"<p>Bizi g\u00f6revlendirmeniz i\u00e7in vekaletname gereklidir.<\/p>\n<p>Bu vekaletnameyi, burada <a href=\"https:\/\/www.essen-strafverteidiger.de\/tr\/wp-content\/uploads\/sites\/3\/2026\/04\/Vollmacht_Anwaltskanzlei_Zeitler.docx\">Microsoft Word-Dok\u00fcman\u0131<\/a> veya <a href=\"https:\/\/www.essen-strafverteidiger.de\/tr\/wp-content\/uploads\/sites\/3\/2026\/04\/Vollmacht_Anwaltskanzlei_Zeitler.pdf\" target=\"_blank\" rel=\"noopener\">PDF-Dok\u00fcman\u0131<\/a> olarak indirebilirsiniz.<\/p>\n<p>L\u00fctfen \u015funlara dikkat edin:<\/p>\n<ul>\n<li>PDF-dok\u00fcman\u0131nda Acrobat Reader program\u0131 gereklidir (<a title=\"Download Acrobat Reader\" href=\"https:\/\/get.adobe.com\/de\/reader\/otherversions\/\" target=\"_blank\" rel=\"noopener\">indir<\/a>)<\/li>\n<li>Ad\u0131n\u0131z\u0131 ve soyad\u0131n\u0131z\u0131, vekaletnameye BASKI HARFLER\u0130YLE yaz\u0131n.<\/li>\n<li>Yer ve tarihi yaz\u0131p vekaletnameyi \u0130MZALAYIN<\/li>\n<li>Vekaletnameyi, 49 (0)201 \/ 89 00 17 numaral\u0131 faksa g\u00f6nderin<\/li>\n<\/ul>\n","protected":false},"excerpt":{"rendered":"<p>Bizi g\u00f6revlendirmeniz i\u00e7in vekaletname gereklidir. Bu vekaletnameyi, burada Microsoft Word-Dok\u00fcman\u0131 veya PDF-Dok\u00fcman\u0131 olarak indirebilirsiniz. L\u00fctfen \u015funlara dikkat edin: PDF-dok\u00fcman\u0131nda Acrobat Reader program\u0131 gereklidir (indir) Ad\u0131n\u0131z\u0131 ve soyad\u0131n\u0131z\u0131, vekaletnameye BASKI HARFLER\u0130YLE yaz\u0131n. Yer ve tarihi yaz\u0131p vekaletnameyi \u0130MZALAYIN Vekaletnameyi, 49 (0)201 \/ 89 00 17 numaral\u0131 faksa g\u00f6nderin<\/p>\n","protected":false},"author":1,"featured_media":0,"parent":0,"menu_order":0,"comment_status":"open","ping_status":"open","template":"","meta":[],"categories":[],"tags":[],"yoast_head":"\n<meta name=\"description\" content=\"Cinayet Su\u00e7lar\u0131, T\u0131p Hukuku, Uyu\u015fturucu Maddeler, Doland\u0131r\u0131c\u0131l\u0131k, Vergi su\u00e7u, Cinsel su\u00e7lar, \u00c7ete Su\u00e7lar\u0131, Organize Su\u00e7lar gibi konularda sizi temsil ederiz\" \/>\n<meta name=\"robots\" content=\"index, follow, max-snippet:-1, max-image-preview:large, max-video-preview:-1\" \/>\n<link rel=\"canonical\" href=\"https:\/\/www.essen-strafverteidiger.de\/tr\/vollmacht\/\" \/>\n<meta property=\"og:locale\" content=\"de_DE\" \/>\n<meta property=\"og:type\" content=\"article\" \/>\n<meta property=\"og:title\" content=\"Vekaletname - Avukat Zeitler\" \/>\n<meta property=\"og:description\" content=\"Cinayet Su\u00e7lar\u0131, T\u0131p Hukuku, Uyu\u015fturucu Maddeler, Doland\u0131r\u0131c\u0131l\u0131k, Vergi su\u00e7u, Cinsel su\u00e7lar, \u00c7ete Su\u00e7lar\u0131, Organize Su\u00e7lar gibi konularda sizi temsil ederiz\" \/>\n<meta property=\"og:url\" content=\"https:\/\/www.essen-strafverteidiger.de\/tr\/vollmacht\/\" \/>\n<meta property=\"og:site_name\" content=\"Avukat Zeitler\" \/>\n<meta property=\"article:modified_time\" content=\"2026-04-17T16:28:07+00:00\" \/>\n<script type=\"application\/ld+json\" class=\"yoast-schema-graph\">{\"@context\":\"https:\/\/schema.org\",\"@graph\":[{\"@type\":\"WebSite\",\"@id\":\"https:\/\/www.essen-strafverteidiger.de\/tr\/#website\",\"url\":\"https:\/\/www.essen-strafverteidiger.de\/tr\/\",\"name\":\"Avukat Zeitler\",\"description\":\"Ihre Kanzlei f\\u00fcr Strafrecht\",\"potentialAction\":[{\"@type\":\"SearchAction\",\"target\":\"https:\/\/www.essen-strafverteidiger.de\/tr\/?s={search_term_string}\",\"query-input\":\"required name=search_term_string\"}],\"inLanguage\":\"de\"},{\"@type\":\"WebPage\",\"@id\":\"https:\/\/www.essen-strafverteidiger.de\/tr\/vollmacht\/#webpage\",\"url\":\"https:\/\/www.essen-strafverteidiger.de\/tr\/vollmacht\/\",\"name\":\"Vekaletname - Avukat Zeitler\",\"isPartOf\":{\"@id\":\"https:\/\/www.essen-strafverteidiger.de\/tr\/#website\"},\"datePublished\":\"2014-07-17T13:00:05+00:00\",\"dateModified\":\"2026-04-17T16:28:07+00:00\",\"description\":\"Cinayet Su\\u00e7lar\\u0131, T\\u0131p Hukuku, Uyu\\u015fturucu Maddeler, Doland\\u0131r\\u0131c\\u0131l\\u0131k, Vergi su\\u00e7u, Cinsel su\\u00e7lar, \\u00c7ete Su\\u00e7lar\\u0131, Organize Su\\u00e7lar gibi konularda sizi temsil ederiz\",\"breadcrumb\":{\"@id\":\"https:\/\/www.essen-strafverteidiger.de\/tr\/vollmacht\/#breadcrumb\"},\"inLanguage\":\"de\",\"potentialAction\":[{\"@type\":\"ReadAction\",\"target\":[\"https:\/\/www.essen-strafverteidiger.de\/tr\/vollmacht\/\"]}]},{\"@type\":\"BreadcrumbList\",\"@id\":\"https:\/\/www.essen-strafverteidiger.de\/tr\/vollmacht\/#breadcrumb\",\"itemListElement\":[{\"@type\":\"ListItem\",\"position\":1,\"item\":{\"@type\":\"WebPage\",\"@id\":\"https:\/\/www.essen-strafverteidiger.de\/tr\/vollmacht\/\",\"url\":\"https:\/\/www.essen-strafverteidiger.de\/tr\/vollmacht\/\",\"name\":\"Vekaletname\"}}]}]}<\/script>\n","_links":{"self":[{"href":"https:\/\/www.essen-strafverteidiger.de\/tr\/wp-json\/wp\/v2\/pages\/13"}],"collection":[{"href":"https:\/\/www.essen-strafverteidiger.de\/tr\/wp-json\/wp\/v2\/pages"}],"about":[{"href":"https:\/\/www.essen-strafverteidiger.de\/tr\/wp-json\/wp\/v2\/types\/page"}],"author":[{"embeddable":true,"href":"https:\/\/www.essen-strafverteidiger.de\/tr\/wp-json\/wp\/v2\/users\/1"}],"replies":[{"embeddable":true,"href":"https:\/\/www.essen-strafverteidiger.de\/tr\/wp-json\/wp\/v2\/comments?post=13"}],"version-history":[{"count":7,"href":"https:\/\/www.essen-strafverteidiger.de\/tr\/wp-json\/wp\/v2\/pages\/13\/revisions"}],"predecessor-version":[{"id":76,"href":"https:\/\/www.essen-strafverteidiger.de\/tr\/wp-json\/wp\/v2\/pages\/13\/revisions\/76"}],"wp:attachment":[{"href":"https:\/\/www.essen-strafverteidiger.de\/tr\/wp-json\/wp\/v2\/media?parent=13"}],"wp:term":[{"taxonomy":"category","embeddable":true,"href":"https:\/\/www.essen-strafverteidiger.de\/tr\/wp-json\/wp\/v2\/categories?post=13"},{"taxonomy":"post_tag","embeddable":true,"href":"https:\/\/www.essen-strafverteidiger.de\/tr\/wp-json\/wp\/v2\/tags?post=13"}],"curies":[{"name":"wp","href":"https:\/\/api.w.org\/{rel}","templated":true}]}}