{"id":5,"date":"2014-07-17T14:52:10","date_gmt":"2014-07-17T12:52:10","guid":{"rendered":"http:\/\/www.essen-strafverteidiger.de\/tr\/?page_id=5"},"modified":"2014-07-24T20:05:04","modified_gmt":"2014-07-24T18:05:04","slug":"anwalt","status":"publish","type":"page","link":"https:\/\/www.essen-strafverteidiger.de\/tr\/anwalt\/","title":{"rendered":"Avukat"},"content":{"rendered":"<p><span style=\"color: #80a0d3;\"><strong>Wolfgang Zeitler<\/strong><\/span><br \/>\nCeza Hukuku uzman\u0131<\/p>\n<p><a href=\"https:\/\/essen-strafverteidiger.de\/tr\/wp-content\/uploads\/2014\/05\/zeitler04.jpg\"><img loading=\"lazy\" class=\"alignnone size-thumbnail wp-image-133\" src=\"https:\/\/essen-strafverteidiger.de\/tr\/wp-content\/uploads\/2014\/05\/zeitler04-150x150.jpg\" alt=\"Wolfgang Zeitler\" width=\"150\" height=\"150\" \/><\/a><\/p>\n<p><strong>Haklar\u0131n\u0131z\u0131 korur ve sizin i\u00e7in m\u00fccadele ederim!<\/strong><\/p>\n<p>24 saat eri\u015fim \u2013 Acil durum numaras\u0131. 49 (0) 172 231 34 89<\/p>\n<p>&nbsp;<\/p>\n<p><strong>G\u00fcven<\/strong><\/p>\n<ul>\n<li>Kanunlar ve yarg\u0131lama hakk\u0131nda geni\u015f hukuk bilgisi<\/li>\n<li>Sadece ceza hukuku alan\u0131nda faal<\/li>\n<li>Ceza avukat\u0131 olarak 20 y\u0131l\u0131 a\u015fk\u0131n tecr\u00fcbe<\/li>\n<li>M\u00fcvekkillerin haklar\u0131n\u0131n korunmas\u0131<\/li>\n<\/ul>\n<p>&nbsp;<\/p>\n<p><strong>Uzmanl\u0131k Alanlar\u0131<\/strong><\/p>\n<ul>\n<li>Cinayet Su\u00e7lar\u0131<\/li>\n<li>T\u0131p Hukuku<\/li>\n<li>Uyu\u015fturucu Maddeler Hukuku<\/li>\n<li>Doland\u0131r\u0131c\u0131l\u0131k<\/li>\n<li>Vergi Su\u00e7lar\u0131<\/li>\n<li>Cinsel Su\u00e7lar<\/li>\n<li>\u00c7ete Su\u00e7lar\u0131<\/li>\n<li>Organize Su\u00e7lar<\/li>\n<li>Gen\u00e7lik Su\u00e7lar\u0131<\/li>\n<li>Ceza \u0130nfaz\u0131<\/li>\n<li>\u0130dari Ceza Davalar\u0131<\/li>\n<li>Trafik Su\u00e7lar\u0131<\/li>\n<\/ul>\n<p>Ve Ceza Kanunu\u2019nun t\u00fcm alanlar\u0131nda tecr\u00fcbe.<\/p>\n<p>&nbsp;<\/p>\n<p><strong>Hizmetlerimiz<\/strong><\/p>\n<ul>\n<li>Ceza s\u00fcreci psikolojisi<\/li>\n<li>Se\u00e7ilmi\u015f ve atanm\u0131\u015f m\u00fcdafaalar<\/li>\n<li>Bir\u00e7ok avukatla ba\u011flant\u0131<\/li>\n<li>M\u00fc\u015fterek faillerin avukatlar\u0131yla birlikte m\u00fc\u015fterek savunma<\/li>\n<\/ul>\n<p>20 sene i\u00e7inde hakimler ve savc\u0131lar yan\u0131nda bir\u00e7ok eksper, psikiyatri bilirki\u015fileri, psikolog, kriminoloji tekni\u011fi bilirki\u015fileri, ceza hukuku ile ilgili ve buna yak\u0131n alanlar\u0131n uzmanlar\u0131yla tan\u0131\u015ft\u0131m.<\/p>\n<p>&nbsp;<\/p>\n<p><strong>Cal\u0131\u015fma B\u00f6lgeleri<\/strong><br \/>\nEssen, Velbert, Wuppertal, Solingen, Mettmann, Heiligenhaus, Remscheid, M\u00fchlheim, Oberhausen, Duisburg ve Kuzey Ren Westfalya eyaletinin di\u011fer \u015fehirlerinde ve t\u00fcm Federal Almanya\u2019da sizin i\u00e7in \u00e7al\u0131\u015f\u0131r\u0131m.<\/p>\n<p>&nbsp;<\/p>\n<p><strong>En \u00f6nemli \u015fey sonu\u00e7tur! Sizden \u00f6nceki bir\u00e7ok m\u00fcvekkilim gibi, siz de bana g\u00fcvenin!<\/strong><\/p>\n","protected":false},"excerpt":{"rendered":"<p>Wolfgang Zeitler Ceza Hukuku uzman\u0131 Haklar\u0131n\u0131z\u0131 korur ve sizin i\u00e7in m\u00fccadele ederim! 24 saat eri\u015fim \u2013 Acil durum numaras\u0131. 49 (0) 172 231 34 89 &nbsp; G\u00fcven Kanunlar ve yarg\u0131lama hakk\u0131nda geni\u015f hukuk bilgisi Sadece ceza hukuku alan\u0131nda faal Ceza avukat\u0131 olarak 20 y\u0131l\u0131 a\u015fk\u0131n tecr\u00fcbe M\u00fcvekkillerin haklar\u0131n\u0131n korunmas\u0131 &nbsp; Uzmanl\u0131k Alanlar\u0131 Cinayet Su\u00e7lar\u0131 T\u0131p<\/p>\n","protected":false},"author":1,"featured_media":0,"parent":0,"menu_order":0,"comment_status":"open","ping_status":"open","template":"","meta":[],"categories":[],"tags":[],"yoast_head":"\n<meta name=\"description\" content=\"Cinayet Su\u00e7lar\u0131, T\u0131p Hukuku, Uyu\u015fturucu Maddeler, Doland\u0131r\u0131c\u0131l\u0131k, Vergi su\u00e7u, Cinsel su\u00e7lar, \u00c7ete Su\u00e7lar\u0131, Organize Su\u00e7lar gibi konularda sizi temsil ederiz\" \/>\n<meta name=\"robots\" content=\"index, follow, max-snippet:-1, max-image-preview:large, max-video-preview:-1\" \/>\n<link rel=\"canonical\" href=\"https:\/\/www.essen-strafverteidiger.de\/tr\/anwalt\/\" \/>\n<meta property=\"og:locale\" content=\"de_DE\" \/>\n<meta property=\"og:type\" content=\"article\" \/>\n<meta property=\"og:title\" content=\"Avukat - Avukat Zeitler\" \/>\n<meta property=\"og:description\" content=\"Cinayet Su\u00e7lar\u0131, T\u0131p Hukuku, Uyu\u015fturucu Maddeler, Doland\u0131r\u0131c\u0131l\u0131k, Vergi su\u00e7u, Cinsel su\u00e7lar, \u00c7ete Su\u00e7lar\u0131, Organize Su\u00e7lar gibi konularda sizi temsil ederiz\" \/>\n<meta property=\"og:url\" content=\"https:\/\/www.essen-strafverteidiger.de\/tr\/anwalt\/\" \/>\n<meta property=\"og:site_name\" content=\"Avukat Zeitler\" \/>\n<meta property=\"article:modified_time\" content=\"2014-07-24T18:05:04+00:00\" \/>\n<meta property=\"og:image\" content=\"https:\/\/essen-strafverteidiger.de\/tr\/wp-content\/uploads\/2014\/05\/zeitler04-150x150.jpg\" \/>\n<meta name=\"twitter:label1\" content=\"Gesch\u00e4tzte Lesezeit\">\n\t<meta name=\"twitter:data1\" content=\"1\u00a0Minute\">\n<script type=\"application\/ld+json\" class=\"yoast-schema-graph\">{\"@context\":\"https:\/\/schema.org\",\"@graph\":[{\"@type\":\"WebSite\",\"@id\":\"https:\/\/www.essen-strafverteidiger.de\/tr\/#website\",\"url\":\"https:\/\/www.essen-strafverteidiger.de\/tr\/\",\"name\":\"Avukat Zeitler\",\"description\":\"Ihre Kanzlei f\\u00fcr Strafrecht\",\"potentialAction\":[{\"@type\":\"SearchAction\",\"target\":\"https:\/\/www.essen-strafverteidiger.de\/tr\/?s={search_term_string}\",\"query-input\":\"required name=search_term_string\"}],\"inLanguage\":\"de\"},{\"@type\":\"ImageObject\",\"@id\":\"https:\/\/www.essen-strafverteidiger.de\/tr\/anwalt\/#primaryimage\",\"inLanguage\":\"de\",\"url\":\"https:\/\/essen-strafverteidiger.de\/tr\/wp-content\/uploads\/2014\/05\/zeitler04-150x150.jpg\"},{\"@type\":\"WebPage\",\"@id\":\"https:\/\/www.essen-strafverteidiger.de\/tr\/anwalt\/#webpage\",\"url\":\"https:\/\/www.essen-strafverteidiger.de\/tr\/anwalt\/\",\"name\":\"Avukat - Avukat Zeitler\",\"isPartOf\":{\"@id\":\"https:\/\/www.essen-strafverteidiger.de\/tr\/#website\"},\"primaryImageOfPage\":{\"@id\":\"https:\/\/www.essen-strafverteidiger.de\/tr\/anwalt\/#primaryimage\"},\"datePublished\":\"2014-07-17T12:52:10+00:00\",\"dateModified\":\"2014-07-24T18:05:04+00:00\",\"description\":\"Cinayet Su\\u00e7lar\\u0131, T\\u0131p Hukuku, Uyu\\u015fturucu Maddeler, Doland\\u0131r\\u0131c\\u0131l\\u0131k, Vergi su\\u00e7u, Cinsel su\\u00e7lar, \\u00c7ete Su\\u00e7lar\\u0131, Organize Su\\u00e7lar gibi konularda sizi temsil ederiz\",\"breadcrumb\":{\"@id\":\"https:\/\/www.essen-strafverteidiger.de\/tr\/anwalt\/#breadcrumb\"},\"inLanguage\":\"de\",\"potentialAction\":[{\"@type\":\"ReadAction\",\"target\":[\"https:\/\/www.essen-strafverteidiger.de\/tr\/anwalt\/\"]}]},{\"@type\":\"BreadcrumbList\",\"@id\":\"https:\/\/www.essen-strafverteidiger.de\/tr\/anwalt\/#breadcrumb\",\"itemListElement\":[{\"@type\":\"ListItem\",\"position\":1,\"item\":{\"@type\":\"WebPage\",\"@id\":\"https:\/\/www.essen-strafverteidiger.de\/tr\/anwalt\/\",\"url\":\"https:\/\/www.essen-strafverteidiger.de\/tr\/anwalt\/\",\"name\":\"Avukat\"}}]}]}<\/script>\n","_links":{"self":[{"href":"https:\/\/www.essen-strafverteidiger.de\/tr\/wp-json\/wp\/v2\/pages\/5"}],"collection":[{"href":"https:\/\/www.essen-strafverteidiger.de\/tr\/wp-json\/wp\/v2\/pages"}],"about":[{"href":"https:\/\/www.essen-strafverteidiger.de\/tr\/wp-json\/wp\/v2\/types\/page"}],"author":[{"embeddable":true,"href":"https:\/\/www.essen-strafverteidiger.de\/tr\/wp-json\/wp\/v2\/users\/1"}],"replies":[{"embeddable":true,"href":"https:\/\/www.essen-strafverteidiger.de\/tr\/wp-json\/wp\/v2\/comments?post=5"}],"version-history":[{"count":2,"href":"https:\/\/www.essen-strafverteidiger.de\/tr\/wp-json\/wp\/v2\/pages\/5\/revisions"}],"predecessor-version":[{"id":56,"href":"https:\/\/www.essen-strafverteidiger.de\/tr\/wp-json\/wp\/v2\/pages\/5\/revisions\/56"}],"wp:attachment":[{"href":"https:\/\/www.essen-strafverteidiger.de\/tr\/wp-json\/wp\/v2\/media?parent=5"}],"wp:term":[{"taxonomy":"category","embeddable":true,"href":"https:\/\/www.essen-strafverteidiger.de\/tr\/wp-json\/wp\/v2\/categories?post=5"},{"taxonomy":"post_tag","embeddable":true,"href":"https:\/\/www.essen-strafverteidiger.de\/tr\/wp-json\/wp\/v2\/tags?post=5"}],"curies":[{"name":"wp","href":"https:\/\/api.w.org\/{rel}","templated":true}]}}