{"id":7,"date":"2014-07-17T14:53:25","date_gmt":"2014-07-17T12:53:25","guid":{"rendered":"http:\/\/www.essen-strafverteidiger.de\/tr\/?page_id=7"},"modified":"2014-07-19T11:48:44","modified_gmt":"2014-07-19T09:48:44","slug":"home","status":"publish","type":"page","link":"https:\/\/www.essen-strafverteidiger.de\/tr\/","title":{"rendered":"Home"},"content":{"rendered":"","protected":false},"excerpt":{"rendered":"","protected":false},"author":1,"featured_media":0,"parent":0,"menu_order":0,"comment_status":"open","ping_status":"open","template":"front-rambo.php","meta":[],"categories":[],"tags":[],"yoast_head":"\n<meta name=\"description\" content=\"Cinayet Su\u00e7lar\u0131, T\u0131p Hukuku, Uyu\u015fturucu Maddeler, Doland\u0131r\u0131c\u0131l\u0131k, Vergi su\u00e7u, Cinsel su\u00e7lar, \u00c7ete Su\u00e7lar\u0131, Organize Su\u00e7lar gibi konularda sizi temsil ederiz\" \/>\n<meta name=\"robots\" content=\"index, follow, max-snippet:-1, max-image-preview:large, max-video-preview:-1\" \/>\n<link rel=\"canonical\" href=\"https:\/\/www.essen-strafverteidiger.de\/tr\/\" \/>\n<meta property=\"og:locale\" content=\"de_DE\" \/>\n<meta property=\"og:type\" content=\"article\" \/>\n<meta property=\"og:title\" content=\"Home - Avukat Zeitler\" \/>\n<meta property=\"og:description\" content=\"Cinayet Su\u00e7lar\u0131, T\u0131p Hukuku, Uyu\u015fturucu Maddeler, Doland\u0131r\u0131c\u0131l\u0131k, Vergi su\u00e7u, Cinsel su\u00e7lar, \u00c7ete Su\u00e7lar\u0131, Organize Su\u00e7lar gibi konularda sizi temsil ederiz\" \/>\n<meta property=\"og:url\" content=\"https:\/\/www.essen-strafverteidiger.de\/tr\/\" \/>\n<meta property=\"og:site_name\" content=\"Avukat Zeitler\" \/>\n<meta property=\"article:modified_time\" content=\"2014-07-19T09:48:44+00:00\" \/>\n<script type=\"application\/ld+json\" class=\"yoast-schema-graph\">{\"@context\":\"https:\/\/schema.org\",\"@graph\":[{\"@type\":\"WebSite\",\"@id\":\"https:\/\/www.essen-strafverteidiger.de\/tr\/#website\",\"url\":\"https:\/\/www.essen-strafverteidiger.de\/tr\/\",\"name\":\"Avukat Zeitler\",\"description\":\"Ihre Kanzlei f\\u00fcr Strafrecht\",\"potentialAction\":[{\"@type\":\"SearchAction\",\"target\":\"https:\/\/www.essen-strafverteidiger.de\/tr\/?s={search_term_string}\",\"query-input\":\"required name=search_term_string\"}],\"inLanguage\":\"de\"},{\"@type\":\"WebPage\",\"@id\":\"https:\/\/www.essen-strafverteidiger.de\/tr\/#webpage\",\"url\":\"https:\/\/www.essen-strafverteidiger.de\/tr\/\",\"name\":\"Home - Avukat Zeitler\",\"isPartOf\":{\"@id\":\"https:\/\/www.essen-strafverteidiger.de\/tr\/#website\"},\"datePublished\":\"2014-07-17T12:53:25+00:00\",\"dateModified\":\"2014-07-19T09:48:44+00:00\",\"description\":\"Cinayet Su\\u00e7lar\\u0131, T\\u0131p Hukuku, Uyu\\u015fturucu Maddeler, Doland\\u0131r\\u0131c\\u0131l\\u0131k, Vergi su\\u00e7u, Cinsel su\\u00e7lar, \\u00c7ete Su\\u00e7lar\\u0131, Organize Su\\u00e7lar gibi konularda sizi temsil ederiz\",\"breadcrumb\":{\"@id\":\"https:\/\/www.essen-strafverteidiger.de\/tr\/#breadcrumb\"},\"inLanguage\":\"de\",\"potentialAction\":[{\"@type\":\"ReadAction\",\"target\":[\"https:\/\/www.essen-strafverteidiger.de\/tr\/\"]}]},{\"@type\":\"BreadcrumbList\",\"@id\":\"https:\/\/www.essen-strafverteidiger.de\/tr\/#breadcrumb\",\"itemListElement\":[{\"@type\":\"ListItem\",\"position\":1,\"item\":{\"@type\":\"WebPage\",\"@id\":\"https:\/\/www.essen-strafverteidiger.de\/tr\/\",\"url\":\"https:\/\/www.essen-strafverteidiger.de\/tr\/\",\"name\":\"Home\"}}]}]}<\/script>\n","_links":{"self":[{"href":"https:\/\/www.essen-strafverteidiger.de\/tr\/wp-json\/wp\/v2\/pages\/7"}],"collection":[{"href":"https:\/\/www.essen-strafverteidiger.de\/tr\/wp-json\/wp\/v2\/pages"}],"about":[{"href":"https:\/\/www.essen-strafverteidiger.de\/tr\/wp-json\/wp\/v2\/types\/page"}],"author":[{"embeddable":true,"href":"https:\/\/www.essen-strafverteidiger.de\/tr\/wp-json\/wp\/v2\/users\/1"}],"replies":[{"embeddable":true,"href":"https:\/\/www.essen-strafverteidiger.de\/tr\/wp-json\/wp\/v2\/comments?post=7"}],"version-history":[{"count":1,"href":"https:\/\/www.essen-strafverteidiger.de\/tr\/wp-json\/wp\/v2\/pages\/7\/revisions"}],"predecessor-version":[{"id":8,"href":"https:\/\/www.essen-strafverteidiger.de\/tr\/wp-json\/wp\/v2\/pages\/7\/revisions\/8"}],"wp:attachment":[{"href":"https:\/\/www.essen-strafverteidiger.de\/tr\/wp-json\/wp\/v2\/media?parent=7"}],"wp:term":[{"taxonomy":"category","embeddable":true,"href":"https:\/\/www.essen-strafverteidiger.de\/tr\/wp-json\/wp\/v2\/categories?post=7"},{"taxonomy":"post_tag","embeddable":true,"href":"https:\/\/www.essen-strafverteidiger.de\/tr\/wp-json\/wp\/v2\/tags?post=7"}],"curies":[{"name":"wp","href":"https:\/\/api.w.org\/{rel}","templated":true}]}}