{"id":9,"date":"2014-07-17T14:53:58","date_gmt":"2014-07-17T12:53:58","guid":{"rendered":"http:\/\/www.essen-strafverteidiger.de\/tr\/?page_id=9"},"modified":"2014-07-19T12:01:14","modified_gmt":"2014-07-19T10:01:14","slug":"kontakt","status":"publish","type":"page","link":"https:\/\/www.essen-strafverteidiger.de\/tr\/kontakt\/","title":{"rendered":"\u0130leti\u015fim"},"content":{"rendered":"<p>Anwaltskanzlei Zeitler<br \/>\nFachanwalt f\u00fcr Strafrecht<br \/>\nKurf\u00fcrstenstra\u00dfe 1<br \/>\n45138 Essen<\/p>\n<p>Telefon: +49 (201) 28 11 00<br \/>\nFaks: +49 (201) 89 00 17<br \/>\nMobil: + 49 (0) 172 231 34 89<br \/>\nSkype: <a href=\"skype:wolf15?call\">Wolf15<\/a><br \/>\n<a href=\"skype:wolf15?call\"><img loading=\"lazy\" class=\"alignnone size-full wp-image-165\" src=\"https:\/\/www.essen-strafverteidiger.de\/wp-content\/uploads\/2014\/05\/skype_button2.png\" alt=\"Wolfgang Zeitler\u2019i aray\u0131n\" width=\"76\" height=\"34\" \/><\/a><\/p>\n<p>E-Mail: <a href=\"mailto:info@essen-strafverteidiger.de\">info@essen-strafverteidiger.de<\/a><br \/>\nInternet: <a href=\"https:\/\/www.essen-strafverteidiger.de\/\">https:\/\/www.essen-strafverteidiger.de<\/a><\/p>\n<p><b>Acil durum :\u00a0+49 (0) 172 231 34 89<\/b><\/p>\n<p>&nbsp;<\/p>\n<p><span style=\"color: #80a0d3;\"><b>Yol<\/b><\/span><br \/>\n<iframe style=\"border: 0;\" src=\"https:\/\/www.google.com\/maps\/embed?pb=!1m18!1m12!1m3!1d2486.3915737680377!2d7.029951200000001!3d51.450966699999995!2m3!1f0!2f0!3f0!3m2!1i1024!2i768!4f13.1!3m3!1m2!1s0x47b8dd37cef72c27%3A0x1da4ec33a0fb1d99!2zS3VyZsO8cnN0ZW5zdHJhw59lIDE!5e0!3m2!1sde!2sde!4v1399730817114\" width=\"400\" height=\"300\" frameborder=\"0\"><\/iframe><\/p>\n","protected":false},"excerpt":{"rendered":"<p>Anwaltskanzlei Zeitler Fachanwalt f\u00fcr Strafrecht Kurf\u00fcrstenstra\u00dfe 1 45138 Essen Telefon: +49 (201) 28 11 00 Faks: +49 (201) 89 00 17 Mobil: + 49 (0) 172 231 34 89 Skype: Wolf15 E-Mail: info@essen-strafverteidiger.de Internet: https:\/\/www.essen-strafverteidiger.de Acil durum :\u00a0+49 (0) 172 231 34 89 &nbsp; Yol<\/p>\n","protected":false},"author":1,"featured_media":0,"parent":0,"menu_order":0,"comment_status":"open","ping_status":"open","template":"","meta":[],"categories":[],"tags":[],"yoast_head":"\n<meta name=\"description\" content=\"Cinayet Su\u00e7lar\u0131, T\u0131p Hukuku, Uyu\u015fturucu Maddeler, Doland\u0131r\u0131c\u0131l\u0131k, Vergi su\u00e7u, Cinsel su\u00e7lar, \u00c7ete Su\u00e7lar\u0131, Organize Su\u00e7lar gibi konularda sizi temsil ederiz\" \/>\n<meta name=\"robots\" content=\"index, follow, max-snippet:-1, max-image-preview:large, max-video-preview:-1\" \/>\n<link rel=\"canonical\" href=\"https:\/\/www.essen-strafverteidiger.de\/tr\/kontakt\/\" \/>\n<meta property=\"og:locale\" content=\"de_DE\" \/>\n<meta property=\"og:type\" content=\"article\" \/>\n<meta property=\"og:title\" content=\"\u0130leti\u015fim - Avukat Zeitler\" \/>\n<meta property=\"og:description\" content=\"Cinayet Su\u00e7lar\u0131, T\u0131p Hukuku, Uyu\u015fturucu Maddeler, Doland\u0131r\u0131c\u0131l\u0131k, Vergi su\u00e7u, Cinsel su\u00e7lar, \u00c7ete Su\u00e7lar\u0131, Organize Su\u00e7lar gibi konularda sizi temsil ederiz\" \/>\n<meta property=\"og:url\" content=\"https:\/\/www.essen-strafverteidiger.de\/tr\/kontakt\/\" \/>\n<meta property=\"og:site_name\" content=\"Avukat Zeitler\" \/>\n<meta property=\"article:modified_time\" content=\"2014-07-19T10:01:14+00:00\" \/>\n<meta property=\"og:image\" content=\"https:\/\/www.essen-strafverteidiger.de\/wp-content\/uploads\/2014\/05\/skype_button2.png\" \/>\n<script type=\"application\/ld+json\" class=\"yoast-schema-graph\">{\"@context\":\"https:\/\/schema.org\",\"@graph\":[{\"@type\":\"WebSite\",\"@id\":\"https:\/\/www.essen-strafverteidiger.de\/tr\/#website\",\"url\":\"https:\/\/www.essen-strafverteidiger.de\/tr\/\",\"name\":\"Avukat Zeitler\",\"description\":\"Ihre Kanzlei f\\u00fcr Strafrecht\",\"potentialAction\":[{\"@type\":\"SearchAction\",\"target\":\"https:\/\/www.essen-strafverteidiger.de\/tr\/?s={search_term_string}\",\"query-input\":\"required name=search_term_string\"}],\"inLanguage\":\"de\"},{\"@type\":\"ImageObject\",\"@id\":\"https:\/\/www.essen-strafverteidiger.de\/tr\/kontakt\/#primaryimage\",\"inLanguage\":\"de\",\"url\":\"https:\/\/www.essen-strafverteidiger.de\/wp-content\/uploads\/2014\/05\/skype_button2.png\"},{\"@type\":\"WebPage\",\"@id\":\"https:\/\/www.essen-strafverteidiger.de\/tr\/kontakt\/#webpage\",\"url\":\"https:\/\/www.essen-strafverteidiger.de\/tr\/kontakt\/\",\"name\":\"\\u0130leti\\u015fim - Avukat Zeitler\",\"isPartOf\":{\"@id\":\"https:\/\/www.essen-strafverteidiger.de\/tr\/#website\"},\"primaryImageOfPage\":{\"@id\":\"https:\/\/www.essen-strafverteidiger.de\/tr\/kontakt\/#primaryimage\"},\"datePublished\":\"2014-07-17T12:53:58+00:00\",\"dateModified\":\"2014-07-19T10:01:14+00:00\",\"description\":\"Cinayet Su\\u00e7lar\\u0131, T\\u0131p Hukuku, Uyu\\u015fturucu Maddeler, Doland\\u0131r\\u0131c\\u0131l\\u0131k, Vergi su\\u00e7u, Cinsel su\\u00e7lar, \\u00c7ete Su\\u00e7lar\\u0131, Organize Su\\u00e7lar gibi konularda sizi temsil ederiz\",\"breadcrumb\":{\"@id\":\"https:\/\/www.essen-strafverteidiger.de\/tr\/kontakt\/#breadcrumb\"},\"inLanguage\":\"de\",\"potentialAction\":[{\"@type\":\"ReadAction\",\"target\":[\"https:\/\/www.essen-strafverteidiger.de\/tr\/kontakt\/\"]}]},{\"@type\":\"BreadcrumbList\",\"@id\":\"https:\/\/www.essen-strafverteidiger.de\/tr\/kontakt\/#breadcrumb\",\"itemListElement\":[{\"@type\":\"ListItem\",\"position\":1,\"item\":{\"@type\":\"WebPage\",\"@id\":\"https:\/\/www.essen-strafverteidiger.de\/tr\/kontakt\/\",\"url\":\"https:\/\/www.essen-strafverteidiger.de\/tr\/kontakt\/\",\"name\":\"\\u0130leti\\u015fim\"}}]}]}<\/script>\n","_links":{"self":[{"href":"https:\/\/www.essen-strafverteidiger.de\/tr\/wp-json\/wp\/v2\/pages\/9"}],"collection":[{"href":"https:\/\/www.essen-strafverteidiger.de\/tr\/wp-json\/wp\/v2\/pages"}],"about":[{"href":"https:\/\/www.essen-strafverteidiger.de\/tr\/wp-json\/wp\/v2\/types\/page"}],"author":[{"embeddable":true,"href":"https:\/\/www.essen-strafverteidiger.de\/tr\/wp-json\/wp\/v2\/users\/1"}],"replies":[{"embeddable":true,"href":"https:\/\/www.essen-strafverteidiger.de\/tr\/wp-json\/wp\/v2\/comments?post=9"}],"version-history":[{"count":2,"href":"https:\/\/www.essen-strafverteidiger.de\/tr\/wp-json\/wp\/v2\/pages\/9\/revisions"}],"predecessor-version":[{"id":49,"href":"https:\/\/www.essen-strafverteidiger.de\/tr\/wp-json\/wp\/v2\/pages\/9\/revisions\/49"}],"wp:attachment":[{"href":"https:\/\/www.essen-strafverteidiger.de\/tr\/wp-json\/wp\/v2\/media?parent=9"}],"wp:term":[{"taxonomy":"category","embeddable":true,"href":"https:\/\/www.essen-strafverteidiger.de\/tr\/wp-json\/wp\/v2\/categories?post=9"},{"taxonomy":"post_tag","embeddable":true,"href":"https:\/\/www.essen-strafverteidiger.de\/tr\/wp-json\/wp\/v2\/tags?post=9"}],"curies":[{"name":"wp","href":"https:\/\/api.w.org\/{rel}","templated":true}]}}